{"id":255,"date":"2020-10-22T20:01:14","date_gmt":"2020-10-22T14:01:14","guid":{"rendered":"http:\/\/osaverdeymar.com\/?page_id=255"},"modified":"2022-06-04T00:16:39","modified_gmt":"2022-06-04T00:16:39","slug":"turismo-de-incentivos","status":"publish","type":"page","link":"http:\/\/osaverdeymar.com\/?page_id=255","title":{"rendered":"Turismo de Incentivos"},"content":{"rendered":"\n<section id=\"section-1b8eff3d-5e56-47a9-91e6-e3deda311f0b\" class=\"wp-block-gutentor-image-slider gutentor-section gutentor-image-slider imageSlider-template1\"><div class=\"gutentor-grid-item-wrap\"><div class=\"gutentor-slider-wrapper\" data-dots=\"true\" data-arrows=\"true\" data-infinite=\"false\" data-nextarrow=\"fas fa-angle-right\" data-prevarrow=\"fas fa-angle-left\" data-autoplay=\"true\" data-autoplayspeed=\"7000\" data-fade=\"false\" data-speed=\"900\"><div class=\"gutentor-slider-item\"><div class=\"gutentor-single-item gutentor-single-item-0\"><div class=\"gutentor-single-item-wrap\"><div class=\"gutentor-single-item-image-box\"><div class=\"gutentor-bg-image\"><div class=\"overlay\"><\/div><\/div><\/div><div class=\"gutentor-single-item-content\"><div class=\"grid-container\"><div class=\"slider-caption text-center\"><h3 class=\"gutentor-single-item-title\">Programa de Incentivos<\/h3><\/div><\/div><\/div><\/div><\/div><\/div><div class=\"gutentor-slider-item\"><div class=\"gutentor-single-item gutentor-single-item-1\"><div class=\"gutentor-single-item-wrap\"><div class=\"gutentor-single-item-image-box\"><div class=\"gutentor-bg-image\"><div class=\"overlay\"><\/div><\/div><\/div><div class=\"gutentor-single-item-content\"><div class=\"grid-container\"><div class=\"slider-caption text-center\"><h3 class=\"gutentor-single-item-title\"><strong>Podr\u00e1s conocer la Finca de Caf\u00e9<\/strong><\/h3><\/div><\/div><\/div><\/div><\/div><\/div><div class=\"gutentor-slider-item\"><div class=\"gutentor-single-item gutentor-single-item-2\"><div class=\"gutentor-single-item-wrap\"><div class=\"gutentor-single-item-image-box\"><div class=\"gutentor-bg-image\"><div class=\"overlay\"><\/div><\/div><\/div><div class=\"gutentor-single-item-content\"><div class=\"grid-container\"><div class=\"slider-caption text-center\"><h3 class=\"gutentor-single-item-title\">Programas Relajantes<\/h3><\/div><\/div><\/div><\/div><\/div><\/div><\/div><\/div><\/section>\n\n\n\n<div style=\"height:100px\" aria-hidden=\"true\" class=\"wp-block-spacer\"><\/div>\n\n\n\n<div id=\"section-ge361ca\" class=\"wp-block-gutentor-e0 section-ge361ca gutentor-element gutentor-element-advanced-text text-align-center-desktop\"><div class=\"gutentor-text-wrap\"><h3 class=\"gutentor-text\">Programas de Incentivos<\/h3><\/div><\/div>\n\n\n\n<div class=\"wp-block-columns\">\n<div class=\"wp-block-column\" style=\"flex-basis:25%\"><\/div>\n\n\n\n<div class=\"wp-block-column\" style=\"flex-basis:50%\">\n<div id=\"section-g6d9c7e\" class=\"wp-block-gutentor-e0 section-g6d9c7e gutentor-element gutentor-element-advanced-text\"><div class=\"gutentor-text-wrap\"><p class=\"gutentor-text\">*You may find all the information available in English once you download the PDF with the detailed program. You can download it by clicking on the &#8220;+INFO&#8221; button. <\/p><\/div><\/div>\n<\/div>\n\n\n\n<div class=\"wp-block-column\" style=\"flex-basis:25%\"><\/div>\n<\/div>\n\n\n\n<div style=\"height:100px\" aria-hidden=\"true\" class=\"wp-block-spacer\"><\/div>\n\n\n\n<div class=\"wp-block-columns\">\n<div class=\"wp-block-column\" style=\"flex-basis:9.7%\"><\/div>\n\n\n\n<div class=\"wp-block-column\" style=\"flex-basis:39.8%\">\n<div id=\"section-gd72c7b\" class=\"wp-block-gutentor-e0 section-gd72c7b gutentor-element gutentor-element-advanced-text\"><div class=\"gutentor-text-wrap\"><h3 class=\"gutentor-text\">Danta Corcovado Lodge<\/h3><\/div><\/div>\n\n\n\n<p>Este paquete tiene una duraci\u00f3n de 4 d\u00edas y 3 noches. <\/p>\n\n\n\n<p>Trabaja con un m\u00ednimo de 18 personas.<\/p>\n\n\n\n<div class=\"wp-block-file\"><a href=\"https:\/\/osaverdeymar.com\/wp-content\/uploads\/2022\/05\/Danta-Corcovado-LodgeREV.pdf\" class=\"wp-block-file__button\" download aria-describedby=\"wp-block-file--media-aa75825d-bda8-4eca-aada-1619769b7890\">+INFO<\/a><\/div>\n<\/div>\n\n\n\n<div class=\"wp-block-column\" style=\"flex-basis:55.3%\">\n\n<\/div>\n\n\n\n<div class=\"wp-block-column\"><\/div>\n<\/div>\n\n\n\n<div style=\"height:100px\" aria-hidden=\"true\" class=\"wp-block-spacer\"><\/div>\n\n\n\n<div class=\"wp-block-columns\">\n<div class=\"wp-block-column\" style=\"flex-basis:9.7%\"><\/div>\n\n\n\n<div class=\"wp-block-column\" style=\"flex-basis:39.8%\">\n<div id=\"section-g35de48\" class=\"wp-block-gutentor-e0 section-g35de48 gutentor-element gutentor-element-advanced-text\"><div class=\"gutentor-text-wrap\"><h3 class=\"gutentor-text\">Tiskita Lodge<\/h3><\/div><\/div>\n\n\n\n<p>Este paquete tiene una duraci\u00f3n de 4 d\u00edas y 3 noches. <\/p>\n\n\n\n<p>Trabaja con un m\u00ednimo de 18 personas.<\/p>\n\n\n\n<div class=\"wp-block-file\"><a href=\"https:\/\/osaverdeymar.com\/wp-content\/uploads\/2022\/05\/Tiskita-LodgeREV.pdf\" class=\"wp-block-file__button\" download aria-describedby=\"wp-block-file--media-3f0d6d7b-e581-4aeb-a440-3e7ad7e0f915\">+INFO<\/a><\/div>\n<\/div>\n\n\n\n<div class=\"wp-block-column\" style=\"flex-basis:55.3%\">\n\n<\/div>\n\n\n\n<div class=\"wp-block-column\"><\/div>\n<\/div>\n\n\n\n<div style=\"height:100px\" aria-hidden=\"true\" class=\"wp-block-spacer\"><\/div>\n","protected":false},"excerpt":{"rendered":"<p>Este paquete tiene una duraci\u00f3n de 4 d\u00edas y 3 noches. Trabaja con un m\u00ednimo de 18 personas. Este paquete tiene una duraci\u00f3n de 4 d\u00edas y 3 noches. Trabaja con un m\u00ednimo de 18 personas.<\/p>\n","protected":false},"author":1,"featured_media":0,"parent":0,"menu_order":0,"comment_status":"closed","ping_status":"closed","template":"template-gutentor-full-width.php","meta":[],"_links":{"self":[{"href":"http:\/\/osaverdeymar.com\/index.php?rest_route=\/wp\/v2\/pages\/255"}],"collection":[{"href":"http:\/\/osaverdeymar.com\/index.php?rest_route=\/wp\/v2\/pages"}],"about":[{"href":"http:\/\/osaverdeymar.com\/index.php?rest_route=\/wp\/v2\/types\/page"}],"author":[{"embeddable":true,"href":"http:\/\/osaverdeymar.com\/index.php?rest_route=\/wp\/v2\/users\/1"}],"replies":[{"embeddable":true,"href":"http:\/\/osaverdeymar.com\/index.php?rest_route=%2Fwp%2Fv2%2Fcomments&post=255"}],"version-history":[{"count":7,"href":"http:\/\/osaverdeymar.com\/index.php?rest_route=\/wp\/v2\/pages\/255\/revisions"}],"predecessor-version":[{"id":612,"href":"http:\/\/osaverdeymar.com\/index.php?rest_route=\/wp\/v2\/pages\/255\/revisions\/612"}],"wp:attachment":[{"href":"http:\/\/osaverdeymar.com\/index.php?rest_route=%2Fwp%2Fv2%2Fmedia&parent=255"}],"curies":[{"name":"wp","href":"https:\/\/api.w.org\/{rel}","templated":true}]}}