{"id":11,"date":"2020-09-01T01:06:55","date_gmt":"2020-09-01T01:06:55","guid":{"rendered":"http:\/\/osaverdeymar.com\/?page_id=11"},"modified":"2020-10-22T00:03:57","modified_gmt":"2020-10-21T18:03:57","slug":"home","status":"publish","type":"page","link":"https:\/\/osaverdeymar.com\/","title":{"rendered":"Home"},"content":{"rendered":"\n<section id=\"section-af87d49a-5392-4c2e-ad29-53cb8f66a979\" class=\"wp-block-gutentor-featured-block gutentor-section gutentor-featured-block featured-template5 has-image-bg has-custom-bg has-gutentor-overlay\"><div class=\"grid-container\"><div class=\"gutentor-grid-item-wrap\"><div class=\"gutentor-single-item\"><div class=\"featured-content-row\"><div class=\"gutentor-single-item-content\"><div class=\"gutentor-featured-content\"><h3 class=\"gutentor-single-item-title\">Conozca Costa Rica<\/h3><p class=\"gutentor-single-item-desc\">Es una regi\u00f3n altamente rica en recursos naturales y ecol\u00f3gicamente inexplorados. En su geograf\u00eda encontrar\u00e1 atractivos naturales que la hacen \u00fanica.<\/p><\/div><\/div><div class=\"gutentor-single-item-image-box\"><div class=\"gutentor-image-thumb\"><img class=\"normal-image\" src=\"http:\/\/osaverdeymar.com\/wp-content\/plugins\/gutentor\/assets\/img\/default-image.jpg\"\/><\/div><\/div><\/div><\/div><\/div><\/div><\/section>\n\n\n\n<div style=\"height:100px\" aria-hidden=\"true\" class=\"wp-block-spacer\"><\/div>\n\n\n\n<section id=\"section-b6b4c50b-5a1c-43e2-8170-b68dd58d5c6a\" class=\"wp-block-gutentor-image-box gutentor-section gutentor-image-wrapper imagebox-template1 has-color-bg has-custom-bg\"><div class=\"grid-container\"><div class=\"gutentor-block-header\"><div class=\"gutentor-section-title enable-title-design seperator-bottom text-center\"><h2 class=\"gutentor-title\">Marcas con las que Trabajamos<\/h2><\/div><\/div><div class=\"grid-row gutentor-grid-item-wrap\"><div class=\"gutentor-grid-column grid-lg-4 grid-md-2m3 grid-6\"><div class=\"gutentor-single-item gutentor-image gutentor-single-item-0\"><div class=\"gutentor-single-item-wrap\"><div class=\"gutentor-single-item-image-box\"><div class=\"gutentor-image-thumb\"><img class=\"normal-image\" src=\"http:\/\/osaverdeymar.com\/wp-content\/uploads\/2020\/10\/1.logo-vale-la-nutri-01.png\" alt=\"\"\/><\/div><\/div><div class=\"gutentor-single-item-content\"><\/div><\/div><\/div><\/div><div class=\"gutentor-grid-column grid-lg-4 grid-md-2m3 grid-6\"><div class=\"gutentor-single-item gutentor-image gutentor-single-item-1\"><div class=\"gutentor-single-item-wrap\"><div class=\"gutentor-single-item-image-box\"><div class=\"gutentor-image-thumb\"><img class=\"normal-image\" src=\"http:\/\/osaverdeymar.com\/wp-content\/uploads\/2020\/10\/Logo-Eka-01.png\" alt=\"\"\/><\/div><\/div><div class=\"gutentor-single-item-content\"><\/div><\/div><\/div><\/div><div class=\"gutentor-grid-column grid-lg-4 grid-md-2m3 grid-6\"><div class=\"gutentor-single-item gutentor-image gutentor-single-item-2\"><div class=\"gutentor-single-item-wrap\"><div class=\"gutentor-single-item-image-box\"><div class=\"gutentor-image-thumb\"><img class=\"normal-image\" src=\"https:\/\/www.demo.cosmoswp.com\/demo-1\/wp-content\/uploads\/sites\/2\/2019\/09\/5.png\" alt=\"\"\/><\/div><\/div><div class=\"gutentor-single-item-content\"><\/div><\/div><\/div><\/div><div class=\"gutentor-grid-column grid-lg-4 grid-md-2m3 grid-6\"><div class=\"gutentor-single-item gutentor-image gutentor-single-item-3\"><div class=\"gutentor-single-item-wrap\"><div class=\"gutentor-single-item-image-box\"><div class=\"gutentor-image-thumb\"><img class=\"normal-image\" src=\"https:\/\/www.demo.cosmoswp.com\/demo-1\/wp-content\/uploads\/sites\/2\/2019\/09\/3.png\" alt=\"\"\/><\/div><\/div><div class=\"gutentor-single-item-content\"><\/div><\/div><\/div><\/div><\/div><\/div><\/section>\n","protected":false},"excerpt":{"rendered":"","protected":false},"author":1,"featured_media":0,"parent":0,"menu_order":0,"comment_status":"closed","ping_status":"closed","template":"template-homepage.php","meta":[],"_links":{"self":[{"href":"https:\/\/osaverdeymar.com\/index.php?rest_route=\/wp\/v2\/pages\/11"}],"collection":[{"href":"https:\/\/osaverdeymar.com\/index.php?rest_route=\/wp\/v2\/pages"}],"about":[{"href":"https:\/\/osaverdeymar.com\/index.php?rest_route=\/wp\/v2\/types\/page"}],"author":[{"embeddable":true,"href":"https:\/\/osaverdeymar.com\/index.php?rest_route=\/wp\/v2\/users\/1"}],"replies":[{"embeddable":true,"href":"https:\/\/osaverdeymar.com\/index.php?rest_route=%2Fwp%2Fv2%2Fcomments&post=11"}],"version-history":[{"count":6,"href":"https:\/\/osaverdeymar.com\/index.php?rest_route=\/wp\/v2\/pages\/11\/revisions"}],"predecessor-version":[{"id":601,"href":"https:\/\/osaverdeymar.com\/index.php?rest_route=\/wp\/v2\/pages\/11\/revisions\/601"}],"wp:attachment":[{"href":"https:\/\/osaverdeymar.com\/index.php?rest_route=%2Fwp%2Fv2%2Fmedia&parent=11"}],"curies":[{"name":"wp","href":"https:\/\/api.w.org\/{rel}","templated":true}]}}