{"id":12,"date":"2020-09-01T01:06:55","date_gmt":"2020-09-01T01:06:55","guid":{"rendered":"http:\/\/osaverdeymar.com\/?page_id=12"},"modified":"2022-06-03T02:23:02","modified_gmt":"2022-06-03T02:23:02","slug":"blog","status":"publish","type":"page","link":"https:\/\/osaverdeymar.com\/?page_id=12","title":{"rendered":"Programas"},"content":{"rendered":"\n<section id=\"section-1ddbbb2f-e753-4465-ab2d-84d963bdd31c\" class=\"wp-block-gutentor-image-slider gutentor-section gutentor-image-slider imageSlider-template1\"><div class=\"gutentor-grid-item-wrap\"><div class=\"gutentor-slider-wrapper\" data-dots=\"true\" data-arrows=\"true\" data-infinite=\"true\" data-nextarrow=\"fas fa-angle-right\" data-prevarrow=\"fas fa-angle-left\" data-autoplay=\"true\" data-autoplayspeed=\"7000\" data-fade=\"false\" data-speed=\"900\"><div class=\"gutentor-slider-item\"><div class=\"gutentor-single-item gutentor-single-item-0\"><div class=\"gutentor-single-item-wrap\"><div class=\"gutentor-single-item-image-box\"><div class=\"gutentor-bg-image\"><div class=\"overlay\"><\/div><\/div><\/div><div class=\"gutentor-single-item-content\"><div class=\"grid-container\"><div class=\"slider-caption text-center\"><h3 class=\"gutentor-single-item-title\">Nuestra Oferta de Programas<\/h3><\/div><\/div><\/div><\/div><\/div><\/div><div class=\"gutentor-slider-item\"><div class=\"gutentor-single-item gutentor-single-item-1\"><div class=\"gutentor-single-item-wrap\"><div class=\"gutentor-single-item-image-box\"><div class=\"gutentor-bg-image\"><div class=\"overlay\"><\/div><\/div><\/div><div class=\"gutentor-single-item-content\"><div class=\"grid-container\"><div class=\"slider-caption text-center\"><h3 class=\"gutentor-single-item-title\"><strong>Siete Segmentos Para Escoger<\/strong><\/h3><\/div><\/div><\/div><\/div><\/div><\/div><\/div><\/div><\/section>\n\n\n\n<div style=\"height:63px\" aria-hidden=\"true\" class=\"wp-block-spacer\"><\/div>\n\n\n\n<section id=\"section-37a8bb34-3e1c-4ca9-b61a-6de872c75dbb\" class=\"wp-block-gutentor-image-box gutentor-section gutentor-image-wrapper imagebox-template1 has-color-bg has-custom-bg\"><div class=\"grid-container\"><div class=\"grid-row gutentor-grid-item-wrap\"><div class=\"gutentor-grid-column grid-lg-4 grid-md-4 grid-12\"><div class=\"gutentor-single-item gutentor-image gutentor-single-item-0\"><div class=\"gutentor-single-item-wrap\"><div class=\"gutentor-single-item-image-box\"><div class=\"gutentor-image-thumb\"><img class=\"normal-image\" src=\"http:\/\/osaverdeymar.com\/wp-content\/uploads\/2020\/11\/Captura-de-Pantalla-2020-11-12-a-las-14.21.27.png\" alt=\"\"\/><\/div><\/div><div class=\"gutentor-single-item-content\"><h3 class=\"gutentor-single-item-title\">Turismo de Aventura<\/h3><p class=\"gutentor-single-item-desc\">Perfecto para quienes buscan adrenalina y trabajo f\u00edsico. Una mezcla de&#8230;<\/p><a class=\"gutentor-button gutentor-single-item-button gutentor-icon-hide\" href=\"http:\/\/osaverdeymar.com\/?page_id=97\"><i class=\"gutentor-button-icon fas fa-book\"><\/i><span>Seguir Leyendo<\/span><\/a><\/div><\/div><\/div><\/div><div class=\"gutentor-grid-column grid-lg-4 grid-md-4 grid-12\"><div class=\"gutentor-single-item gutentor-image gutentor-single-item-1\"><div class=\"gutentor-single-item-wrap\"><div class=\"gutentor-single-item-image-box\"><div class=\"gutentor-image-thumb\"><img class=\"normal-image\" src=\"http:\/\/osaverdeymar.com\/wp-content\/uploads\/2020\/11\/pexels-film-bros-733741-scaled.jpg\" alt=\"\"\/><\/div><\/div><div class=\"gutentor-single-item-content\"><h3 class=\"gutentor-single-item-title\">Turismo Deportivo<\/h3><p class=\"gutentor-single-item-desc\">Short Description<\/p><a class=\"gutentor-button gutentor-single-item-button gutentor-icon-hide\" href=\"#\"><i class=\"gutentor-button-icon fas fa-book\"><\/i><span>Read More<\/span><\/a><\/div><\/div><\/div><\/div><div class=\"gutentor-grid-column grid-lg-4 grid-md-4 grid-12\"><div class=\"gutentor-single-item gutentor-image gutentor-single-item-2\"><div class=\"gutentor-single-item-wrap\"><div class=\"gutentor-single-item-image-box\"><div class=\"gutentor-image-thumb\"><img class=\"normal-image\" src=\"http:\/\/osaverdeymar.com\/wp-content\/uploads\/2020\/09\/Captura-de-Pantalla-2020-09-03-a-las-14.49.54.png\" alt=\"\"\/><\/div><\/div><div class=\"gutentor-single-item-content\"><h3 class=\"gutentor-single-item-title\">Turismo Cultural<\/h3><p class=\"gutentor-single-item-desc\">En este tipo de programas usted y todo el grupo tendr\u00e1n la oportunidad de experimentar un intercambio&#8230;<\/p><a class=\"gutentor-button gutentor-single-item-button gutentor-icon-hide\" href=\"http:\/\/osaverdeymar.com\/?page_id=145\"><i class=\"gutentor-button-icon fas fa-book\"><\/i><span>Seguir Leyendo<\/span><\/a><\/div><\/div><\/div><\/div><div class=\"gutentor-grid-column grid-lg-4 grid-md-4 grid-12\"><div class=\"gutentor-single-item gutentor-image gutentor-single-item-3\"><div class=\"gutentor-single-item-wrap\"><div class=\"gutentor-single-item-image-box\"><div class=\"gutentor-image-thumb\"><img class=\"normal-image\" src=\"http:\/\/osaverdeymar.com\/wp-content\/uploads\/2020\/11\/Captura-de-Pantalla-2020-11-05-a-las-22.17.09-1-e1605121272574.png\" alt=\"\"\/><\/div><\/div><div class=\"gutentor-single-item-content\"><h3 class=\"gutentor-single-item-title\">Turismo Natural<\/h3><p class=\"gutentor-single-item-desc\">Si usted es amante de la naturaleza y le gusta conocer el lado m\u00e1s cient\u00edfico de&#8230;<\/p><a class=\"gutentor-button gutentor-single-item-button gutentor-icon-hide\" href=\"http:\/\/osaverdeymar.com\/?page_id=150\"><i class=\"gutentor-button-icon fas fa-book\"><\/i><span>Seguir Leyendo<\/span><\/a><\/div><\/div><\/div><\/div><div class=\"gutentor-grid-column grid-lg-4 grid-md-4 grid-12\"><div class=\"gutentor-single-item gutentor-image gutentor-single-item-4\"><div class=\"gutentor-single-item-wrap\"><div class=\"gutentor-single-item-image-box\"><div class=\"gutentor-image-thumb\"><img class=\"normal-image\" src=\"http:\/\/osaverdeymar.com\/wp-content\/uploads\/2020\/11\/Captura-de-Pantalla-2020-11-05-a-las-21.52.18.png\" alt=\"\"\/><\/div><\/div><div class=\"gutentor-single-item-content\"><h3 class=\"gutentor-single-item-title\">Turismo Rural<\/h3><p class=\"gutentor-single-item-desc\">Conozca la cultura costarricense a trav\u00e9s de este programa de experiencias vivenciales<\/p><a class=\"gutentor-button gutentor-single-item-button gutentor-icon-hide\" href=\"http:\/\/osaverdeymar.com\/?page_id=245\"><i class=\"gutentor-button-icon fas fa-book\"><\/i><span>Seguir Leyendo<\/span><\/a><\/div><\/div><\/div><\/div><div class=\"gutentor-grid-column grid-lg-4 grid-md-4 grid-12\"><div class=\"gutentor-single-item gutentor-image gutentor-single-item-5\"><div class=\"gutentor-single-item-wrap\"><div class=\"gutentor-single-item-image-box\"><div class=\"gutentor-image-thumb\"><img class=\"normal-image\" src=\"http:\/\/osaverdeymar.com\/wp-content\/uploads\/2020\/11\/Captura-de-Pantalla-2020-11-11-a-las-13.40.14.png\" alt=\"\"\/><\/div><\/div><div class=\"gutentor-single-item-content\"><h3 class=\"gutentor-single-item-title\">Turismo de Bienestar y Salud<\/h3><p class=\"gutentor-single-item-desc\">Este tipo de programas est\u00e1n hechos pensados en quienes cuidan m\u00e1s de su salud ya que tuvimos asesor\u00eda nutricional&#8230;<\/p><a class=\"gutentor-button gutentor-single-item-button gutentor-icon-hide\" href=\"http:\/\/osaverdeymar.com\/?page_id=165\"><i class=\"gutentor-button-icon fas fa-book\"><\/i><span>Seguir Leyendo<\/span><\/a><\/div><\/div><\/div><\/div><div class=\"gutentor-grid-column grid-lg-4 grid-md-4 grid-12\"><div class=\"gutentor-single-item gutentor-image gutentor-single-item-6\"><div class=\"gutentor-single-item-wrap\"><div class=\"gutentor-single-item-image-box\"><div class=\"gutentor-image-thumb\"><img class=\"normal-image\" src=\"http:\/\/osaverdeymar.com\/wp-content\/uploads\/2020\/09\/pexels-andrea-piacquadio-927022-scaled.jpg\" alt=\"\"\/><\/div><\/div><div class=\"gutentor-single-item-content\"><h3 class=\"gutentor-single-item-title\">Turismo de Incentivos<\/h3><p class=\"gutentor-single-item-desc\">Si usted es encargado\/a de una empresa y desea premiar a sus colaboradores con programas tur\u00edsticos, por favor&#8230;<\/p><a class=\"gutentor-button gutentor-single-item-button gutentor-icon-hide\" href=\"http:\/\/osaverdeymar.com\/?page_id=255\"><i class=\"gutentor-button-icon fas fa-book\"><\/i><span>Seguir Leyendo<\/span><\/a><\/div><\/div><\/div><\/div><\/div><\/div><\/section>\n\n\n\n<div id=\"section-ga546f5\" class=\"wp-block-gutentor-e0 section-ga546f5 gutentor-element gutentor-element-advanced-text text-align-center-desktop\"><div class=\"gutentor-text-wrap\"><p class=\"gutentor-text\">De acuerdo a la variedad de los escenarios naturales, diversificamos las actividades en 7 segmentos, para llegar a satisfacer los gustos y necesidades de m\u00e1s personas.<\/p><\/div><\/div>\n\n\n\n<div style=\"height:100px\" aria-hidden=\"true\" class=\"wp-block-spacer\"><\/div>\n","protected":false},"excerpt":{"rendered":"","protected":false},"author":1,"featured_media":0,"parent":0,"menu_order":0,"comment_status":"closed","ping_status":"closed","template":"template-gutentor-full-width.php","meta":[],"_links":{"self":[{"href":"https:\/\/osaverdeymar.com\/index.php?rest_route=\/wp\/v2\/pages\/12"}],"collection":[{"href":"https:\/\/osaverdeymar.com\/index.php?rest_route=\/wp\/v2\/pages"}],"about":[{"href":"https:\/\/osaverdeymar.com\/index.php?rest_route=\/wp\/v2\/types\/page"}],"author":[{"embeddable":true,"href":"https:\/\/osaverdeymar.com\/index.php?rest_route=\/wp\/v2\/users\/1"}],"replies":[{"embeddable":true,"href":"https:\/\/osaverdeymar.com\/index.php?rest_route=%2Fwp%2Fv2%2Fcomments&post=12"}],"version-history":[{"count":37,"href":"https:\/\/osaverdeymar.com\/index.php?rest_route=\/wp\/v2\/pages\/12\/revisions"}],"predecessor-version":[{"id":600,"href":"https:\/\/osaverdeymar.com\/index.php?rest_route=\/wp\/v2\/pages\/12\/revisions\/600"}],"wp:attachment":[{"href":"https:\/\/osaverdeymar.com\/index.php?rest_route=%2Fwp%2Fv2%2Fmedia&parent=12"}],"curies":[{"name":"wp","href":"https:\/\/api.w.org\/{rel}","templated":true}]}}